{"id":3,"date":"2026-03-12T17:47:52","date_gmt":"2026-03-12T17:47:52","guid":{"rendered":"https:\/\/smartkarty.pl\/?page_id=3"},"modified":"2026-04-12T17:38:37","modified_gmt":"2026-04-12T17:38:37","slug":"privacy-policy","status":"publish","type":"page","link":"https:\/\/smartkarty.pl\/?page_id=3","title":{"rendered":"Polityka Prywatno\u015bci"},"content":{"rendered":"\n<h2 class=\"wp-block-heading\">I. Postanowienia og\u00f3lne<\/h2>\n\n\n\n<ol start=\"1\" class=\"wp-block-list\">\n<li>Niniejsza Polityka Prywatno\u015bci okre\u015bla zasady przetwarzania danych osobowych Klient\u00f3w oraz u\u017cytkownik\u00f3w sklepu internetowego dost\u0119pnego pod adresem internetowym smartkarty.pl (dalej: \u201eSklep\u201d), prowadzonego przez firm\u0119\u00a0<img loading=\"lazy\" decoding=\"async\" width=\"300\" height=\"75\" srcset=\"https:\/\/dunari.pl\/wp-content\/uploads\/2026\/01\/1-14-e1768778337408-300x75.png 300w, https:\/\/dunari.pl\/wp-content\/uploads\/2026\/01\/1-14-e1768778337408-1024x257.png 1024w, https:\/\/dunari.pl\/wp-content\/uploads\/2026\/01\/1-14-e1768778337408-768x193.png 768w, https:\/\/dunari.pl\/wp-content\/uploads\/2026\/01\/1-14-e1768778337408.png 1055w\" src=\"https:\/\/dunari.pl\/wp-content\/uploads\/2026\/01\/1-14-e1768778337408-300x75.png\" alt=\"\">\u00a0numer telefonu: 780014418, adres e-mail:\u00a0<a>kontakt@smartkarty.pl<\/a>\u00a0(dalej: \u201eAdministrator\u201d).<\/li>\n\n\n\n<li>Administrator przetwarza dane osobowe zgodnie z obowi\u0105zuj\u0105cymi przepisami prawa, w tym rozporz\u0105dzeniem Parlamentu Europejskiego i Rady (UE) 2016\/679 z dnia 27 kwietnia 2016 r. w sprawie ochrony os\u00f3b fizycznych w zwi\u0105zku z przetwarzaniem danych osobowych i w sprawie swobodnego przep\u0142ywu takich danych (RODO).<\/li>\n\n\n\n<li>Kontakt z Administratorem w sprawach zwi\u0105zanych z ochron\u0105 danych osobowych mo\u017cliwy jest pod adresem e-mail:\u00a0<a>kontakt@smartkarty.pl<\/a>.<\/li>\n<\/ol>\n\n\n\n<p>II. Zakres i cel przetwarzania danych<\/p>\n\n\n\n<ol start=\"1\" class=\"wp-block-list\">\n<li>Administrator przetwarza dane osobowe w celu:\n<ul class=\"wp-block-list\">\n<li>realizacji um\u00f3w sprzeda\u017cy zawieranych za po\u015brednictwem Sklepu,<\/li>\n\n\n\n<li>obs\u0142ugi zapyta\u0144 Klient\u00f3w i realizacji reklamacji,<\/li>\n\n\n\n<li>prowadzenia dzia\u0142a\u0144 marketingowych (za zgod\u0105 Klienta),<\/li>\n\n\n\n<li>wype\u0142nienia obowi\u0105zk\u00f3w prawnych ci\u0105\u017c\u0105cych na Administratorze (np. wynikaj\u0105cych z przepis\u00f3w podatkowych i rachunkowych).<\/li>\n<\/ul>\n<\/li>\n\n\n\n<li>Podanie danych osobowych przez Klienta jest dobrowolne, jednak niezb\u0119dne do realizacji cel\u00f3w wskazanych w pkt. 1.<\/li>\n<\/ol>\n\n\n\n<p>III. Rodzaje przetwarzanych danych<\/p>\n\n\n\n<p>Administrator mo\u017ce przetwarza\u0107 nast\u0119puj\u0105ce kategorie danych osobowych:<\/p>\n\n\n\n<ul class=\"wp-block-list\">\n<li>imi\u0119 i nazwisko,<\/li>\n\n\n\n<li>adres zamieszkania lub dostawy,<\/li>\n\n\n\n<li>adres e-mail,<\/li>\n\n\n\n<li>numer telefonu,<\/li>\n\n\n\n<li>dane dotycz\u0105ce p\u0142atno\u015bci (np. numer rachunku bankowego),<\/li>\n\n\n\n<li>inne dane podane przez Klienta w ramach kontaktu ze Sklepem.<\/li>\n<\/ul>\n\n\n\n<p>IV. Odbiorcy danych osobowych<\/p>\n\n\n\n<ol start=\"1\" class=\"wp-block-list\">\n<li>Dane osobowe Klient\u00f3w mog\u0105 by\u0107 udost\u0119pniane podmiotom wsp\u00f3\u0142pracuj\u0105cym z Administratorem, w szczeg\u00f3lno\u015bci:\n<ul class=\"wp-block-list\">\n<li>firmom kurierskim i pocztowym w celu dostarczenia zam\u00f3wionych Produkt\u00f3w,<\/li>\n\n\n\n<li>podmiotom obs\u0142uguj\u0105cym p\u0142atno\u015bci elektroniczne,<\/li>\n\n\n\n<li>biurom rachunkowym,<\/li>\n\n\n\n<li>dostawcom us\u0142ug IT i hostingowych.<\/li>\n<\/ul>\n<\/li>\n\n\n\n<li>Dane osobowe nie b\u0119d\u0105 przekazywane do pa\u0144stw trzecich ani organizacji mi\u0119dzynarodowych, chyba \u017ce b\u0119dzie to niezb\u0119dne do realizacji zam\u00f3wienia i za zgod\u0105 Klienta.<\/li>\n<\/ol>\n\n\n\n<p>V. Okres przechowywania danych<\/p>\n\n\n\n<ol start=\"1\" class=\"wp-block-list\">\n<li>Dane osobowe Klient\u00f3w przechowywane b\u0119d\u0105 przez okres niezb\u0119dny do realizacji cel\u00f3w wskazanych w niniejszej Polityce Prywatno\u015bci, w szczeg\u00f3lno\u015bci:\n<ul class=\"wp-block-list\">\n<li>przez okres realizacji umowy sprzeda\u017cy oraz przez czas niezb\u0119dny do rozpatrzenia reklamacji,<\/li>\n\n\n\n<li>przez okres wymagany przepisami prawa (np. dotycz\u0105cymi przechowywania dokumentacji ksi\u0119gowej).<\/li>\n<\/ul>\n<\/li>\n\n\n\n<li>W przypadku przetwarzania danych na podstawie zgody Klienta, dane b\u0119d\u0105 przechowywane do momentu wycofania zgody.<\/li>\n<\/ol>\n\n\n\n<p>VI. Prawa Klienta<\/p>\n\n\n\n<ol start=\"1\" class=\"wp-block-list\">\n<li>Klientowi przys\u0142uguje prawo do:\n<ul class=\"wp-block-list\">\n<li>dost\u0119pu do tre\u015bci swoich danych oraz otrzymania ich kopii,<\/li>\n\n\n\n<li>sprostowania swoich danych,<\/li>\n\n\n\n<li>usuni\u0119cia danych (prawo do bycia zapomnianym),<\/li>\n\n\n\n<li>ograniczenia przetwarzania danych,<\/li>\n\n\n\n<li>przenoszenia danych,<\/li>\n\n\n\n<li>wniesienia sprzeciwu wobec przetwarzania danych,<\/li>\n\n\n\n<li>cofni\u0119cia zgody na przetwarzanie danych w dowolnym momencie (bez wp\u0142ywu na zgodno\u015b\u0107 z prawem przetwarzania dokonanego przed cofni\u0119ciem zgody).<\/li>\n<\/ul>\n<\/li>\n\n\n\n<li>W celu skorzystania z przys\u0142uguj\u0105cych praw, Klient mo\u017ce skontaktowa\u0107 si\u0119 z Administratorem pod adresem e-mail:\u00a0<a>kontakt@smartkarty.pl<\/a>.<\/li>\n\n\n\n<li>Klient ma prawo wniesienia skargi do organu nadzorczego (Prezesa Urz\u0119du Ochrony Danych Osobowych), je\u015bli uzna, \u017ce przetwarzanie jego danych osobowych narusza przepisy prawa.<\/li>\n<\/ol>\n\n\n\n<p>VII. Pliki cookies<\/p>\n\n\n\n<ol start=\"1\" class=\"wp-block-list\">\n<li>Sklep korzysta z plik\u00f3w cookies w celu zapewnienia prawid\u0142owego dzia\u0142ania strony internetowej, dostosowania jej do potrzeb u\u017cytkownik\u00f3w oraz w celach statystycznych i marketingowych.<\/li>\n\n\n\n<li>U\u017cytkownik mo\u017ce zarz\u0105dza\u0107 ustawieniami plik\u00f3w cookies za pomoc\u0105 ustawie\u0144 swojej przegl\u0105darki internetowej.<\/li>\n\n\n\n<li>Szczeg\u00f3\u0142owe informacje na temat plik\u00f3w cookies znajduj\u0105 si\u0119 w Polityce cookies dost\u0119pnej na stronie dunari.pl.<\/li>\n<\/ol>\n\n\n\n<p>VIII. Postanowienia ko\u0144cowe<\/p>\n\n\n\n<p>Polityka Prywatno\u015bci obowi\u0105zuje od dnia jej opublikowania na stronie Sklepu.<\/p>\n\n\n\n<p>Administrator zastrzega sobie prawo do wprowadzania zmian w niniejszej Polityce Prywatno\u015bci. Zmiany b\u0119d\u0105 publikowane na stronie Sklepu.<\/p>\n\n\n\n<p>Wszelkie pytania dotycz\u0105ce niniejszej Polityki Prywatno\u015bci nale\u017cy kierowa\u0107 na adres e-mail:\u00a0<a>kontakt@smartkarty.pl<\/a>.<\/p>\n","protected":false},"excerpt":{"rendered":"<p>I. Postanowienia og\u00f3lne II. Zakres i cel przetwarzania danych III. Rodzaje przetwarzanych danych Administrator mo\u017ce przetwarza\u0107 nast\u0119puj\u0105ce kategorie danych osobowych: IV. Odbiorcy danych osobowych V. Okres przechowywania danych VI. Prawa&#8230;<\/p>\n","protected":false},"author":1,"featured_media":0,"parent":0,"menu_order":0,"comment_status":"closed","ping_status":"open","template":"","meta":{"footnotes":""},"class_list":["post-3","page","type-page","status-publish"],"_links":{"self":[{"href":"https:\/\/smartkarty.pl\/index.php?rest_route=\/wp\/v2\/pages\/3","targetHints":{"allow":["GET"]}}],"collection":[{"href":"https:\/\/smartkarty.pl\/index.php?rest_route=\/wp\/v2\/pages"}],"about":[{"href":"https:\/\/smartkarty.pl\/index.php?rest_route=\/wp\/v2\/types\/page"}],"author":[{"embeddable":true,"href":"https:\/\/smartkarty.pl\/index.php?rest_route=\/wp\/v2\/users\/1"}],"replies":[{"embeddable":true,"href":"https:\/\/smartkarty.pl\/index.php?rest_route=%2Fwp%2Fv2%2Fcomments&post=3"}],"version-history":[{"count":1,"href":"https:\/\/smartkarty.pl\/index.php?rest_route=\/wp\/v2\/pages\/3\/revisions"}],"predecessor-version":[{"id":1699,"href":"https:\/\/smartkarty.pl\/index.php?rest_route=\/wp\/v2\/pages\/3\/revisions\/1699"}],"wp:attachment":[{"href":"https:\/\/smartkarty.pl\/index.php?rest_route=%2Fwp%2Fv2%2Fmedia&parent=3"}],"curies":[{"name":"wp","href":"https:\/\/api.w.org\/{rel}","templated":true}]}}